{"id":10,"date":"2023-05-10T21:15:47","date_gmt":"2023-05-10T21:15:47","guid":{"rendered":"https:\/\/kolbarkmlyny.powiatolkuski.pl\/?page_id=10"},"modified":"2023-06-02T22:37:46","modified_gmt":"2023-06-02T20:37:46","slug":"informacje","status":"publish","type":"page","link":"https:\/\/kolbarkmlyny.powiatolkuski.pl\/?page_id=10","title":{"rendered":"Informacje"},"content":{"rendered":"\r\n<p style=\"text-align: justify;\">Stawy Kolbark M\u0142yny<br \/>Teren, na kt\u00f3rym znajduj\u0105 si\u0119 ruiny starego m\u0142yna i stawy w Kolbarku M\u0142ynach jest terenem prywatnym. Na jego terenie obowi\u0105zuje<span style=\"color: #0000ff;\"> <a style=\"color: #0000ff;\" href=\"https:\/\/kolbarkmlyny.powiatolkuski.pl\/?page_id=38\" target=\"_blank\" rel=\"noopener\">regulamin<\/a>.<\/span> Je\u015bli wejdziesz na jego teren, to jest to jednoznaczne, \u017ce akceptujesz ten regulamin. Kliknij na link do <span style=\"color: #0000ff;\"><a style=\"color: #0000ff;\" href=\"https:\/\/kolbarkmlyny.powiatolkuski.pl\/?page_id=38\" target=\"_blank\" rel=\"noopener\">regulaminu wst\u0119pu<\/a><\/span>, by si\u0119 zapozna\u0107 z jego tre\u015bci\u0105 &#8211; <a href=\"https:\/\/kolbarkmlyny.powiatolkuski.pl\/?page_id=38\" target=\"_blank\" rel=\"noopener\"><span style=\"color: #0000ff;\">&#8222;Regulamin wst\u0119pu&#8221;<\/span><\/a>.<\/p>\r\n","protected":false},"excerpt":{"rendered":"<p>Stawy Kolbark M\u0142ynyTeren, na kt\u00f3rym znajduj\u0105 si\u0119 ruiny starego m\u0142yna i stawy w Kolbarku M\u0142ynach jest terenem prywatnym. Na jego terenie obowi\u0105zuje regulamin. Je\u015bli wejdziesz na jego teren, to jest to jednoznaczne, \u017ce akceptujesz ten regulamin. Kliknij na link do regulaminu wst\u0119pu, by si\u0119 zapozna\u0107 z jego tre\u015bci\u0105 &#8211; &#8222;Regulamin wst\u0119pu&#8221;.<\/p>\n","protected":false},"author":1,"featured_media":0,"parent":0,"menu_order":2,"comment_status":"closed","ping_status":"closed","template":"","meta":{"om_disable_all_campaigns":false,"_monsterinsights_skip_tracking":false,"_monsterinsights_sitenote_active":false,"_monsterinsights_sitenote_note":"","_monsterinsights_sitenote_category":0},"aioseo_notices":[],"jetpack_sharing_enabled":true,"jetpack-related-posts":[{"id":38,"url":"https:\/\/kolbarkmlyny.powiatolkuski.pl\/?page_id=38","url_meta":{"origin":10,"position":0},"title":"Regulamin wst\u0119pu","author":"admin","date":"10\/05\/2023","format":false,"excerpt":"Regulamin wst\u0119pu na teren staw\u00f3w w Kolbarku M\u0142ynach Wej\u015bcie ka\u017cdej osoby na teren staw\u00f3w w Kolbarku M\u0142ynach jest r\u00f3wnoznaczne z akceptacj\u0105 przez ni\u0105 niniejszego regulaminu. Ilekro\u0107 w niniejszym regulaminie jest mowa o \"terenie staw\u00f3w\" w Kolbarku M\u0142ynach, nale\u017cy przez to rozumie\u0107 dzia\u0142ki oznaczone\u00a0 numerami: 760, 761, 762, 763, 764 w\u2026","rel":"","context":"Similar post","block_context":{"text":"Similar post","link":""},"img":{"alt_text":"","src":"","width":0,"height":0},"classes":[]},{"id":109,"url":"https:\/\/kolbarkmlyny.powiatolkuski.pl\/?page_id=109","url_meta":{"origin":10,"position":1},"title":"W\u0119dkowanie","author":"admin","date":"06\/06\/2023","format":false,"excerpt":"Je\u015bli masz ochot\u0119 pow\u0119dkowa\u0107 na terenie staw\u00f3w w Kolbarku M\u0142ynach zglo\u015b si\u0119 do Pana Jasia - Prezesa Ko\u0142a W\u0119dkarskiego Kolbark M\u0142yny Tel.\u00a0 880 555 845","rel":"","context":"Similar post","block_context":{"text":"Similar post","link":""},"img":{"alt_text":"","src":"","width":0,"height":0},"classes":[]}],"_links":{"self":[{"href":"https:\/\/kolbarkmlyny.powiatolkuski.pl\/index.php?rest_route=\/wp\/v2\/pages\/10"}],"collection":[{"href":"https:\/\/kolbarkmlyny.powiatolkuski.pl\/index.php?rest_route=\/wp\/v2\/pages"}],"about":[{"href":"https:\/\/kolbarkmlyny.powiatolkuski.pl\/index.php?rest_route=\/wp\/v2\/types\/page"}],"author":[{"embeddable":true,"href":"https:\/\/kolbarkmlyny.powiatolkuski.pl\/index.php?rest_route=\/wp\/v2\/users\/1"}],"replies":[{"embeddable":true,"href":"https:\/\/kolbarkmlyny.powiatolkuski.pl\/index.php?rest_route=%2Fwp%2Fv2%2Fcomments&post=10"}],"version-history":[{"count":7,"href":"https:\/\/kolbarkmlyny.powiatolkuski.pl\/index.php?rest_route=\/wp\/v2\/pages\/10\/revisions"}],"predecessor-version":[{"id":108,"href":"https:\/\/kolbarkmlyny.powiatolkuski.pl\/index.php?rest_route=\/wp\/v2\/pages\/10\/revisions\/108"}],"wp:attachment":[{"href":"https:\/\/kolbarkmlyny.powiatolkuski.pl\/index.php?rest_route=%2Fwp%2Fv2%2Fmedia&parent=10"}],"curies":[{"name":"wp","href":"https:\/\/api.w.org\/{rel}","templated":true}]}}