{"id":109,"date":"2023-06-06T14:45:23","date_gmt":"2023-06-06T12:45:23","guid":{"rendered":"https:\/\/kolbarkmlyny.powiatolkuski.pl\/?page_id=109"},"modified":"2023-06-06T14:45:23","modified_gmt":"2023-06-06T12:45:23","slug":"wedkowanie","status":"publish","type":"page","link":"https:\/\/kolbarkmlyny.powiatolkuski.pl\/?page_id=109","title":{"rendered":"W\u0119dkowanie"},"content":{"rendered":"<p>Je\u015bli masz ochot\u0119 pow\u0119dkowa\u0107 na terenie staw\u00f3w w Kolbarku M\u0142ynach zglo\u015b si\u0119 do Pana Jasia &#8211; Prezesa Ko\u0142a W\u0119dkarskiego Kolbark M\u0142yny<\/p>\n<p>Tel.\u00a0 880 555 845<\/p>\n","protected":false},"excerpt":{"rendered":"<p>Je\u015bli masz ochot\u0119 pow\u0119dkowa\u0107 na terenie staw\u00f3w w Kolbarku M\u0142ynach zglo\u015b si\u0119 do Pana Jasia &#8211; Prezesa Ko\u0142a W\u0119dkarskiego Kolbark M\u0142yny Tel.\u00a0 880 555 845<\/p>\n","protected":false},"author":1,"featured_media":0,"parent":0,"menu_order":4,"comment_status":"closed","ping_status":"closed","template":"","meta":{"om_disable_all_campaigns":false,"_monsterinsights_skip_tracking":false,"_monsterinsights_sitenote_active":false,"_monsterinsights_sitenote_note":"","_monsterinsights_sitenote_category":0},"aioseo_notices":[],"jetpack_sharing_enabled":true,"jetpack-related-posts":[],"_links":{"self":[{"href":"https:\/\/kolbarkmlyny.powiatolkuski.pl\/index.php?rest_route=\/wp\/v2\/pages\/109"}],"collection":[{"href":"https:\/\/kolbarkmlyny.powiatolkuski.pl\/index.php?rest_route=\/wp\/v2\/pages"}],"about":[{"href":"https:\/\/kolbarkmlyny.powiatolkuski.pl\/index.php?rest_route=\/wp\/v2\/types\/page"}],"author":[{"embeddable":true,"href":"https:\/\/kolbarkmlyny.powiatolkuski.pl\/index.php?rest_route=\/wp\/v2\/users\/1"}],"replies":[{"embeddable":true,"href":"https:\/\/kolbarkmlyny.powiatolkuski.pl\/index.php?rest_route=%2Fwp%2Fv2%2Fcomments&post=109"}],"version-history":[{"count":1,"href":"https:\/\/kolbarkmlyny.powiatolkuski.pl\/index.php?rest_route=\/wp\/v2\/pages\/109\/revisions"}],"predecessor-version":[{"id":110,"href":"https:\/\/kolbarkmlyny.powiatolkuski.pl\/index.php?rest_route=\/wp\/v2\/pages\/109\/revisions\/110"}],"wp:attachment":[{"href":"https:\/\/kolbarkmlyny.powiatolkuski.pl\/index.php?rest_route=%2Fwp%2Fv2%2Fmedia&parent=109"}],"curies":[{"name":"wp","href":"https:\/\/api.w.org\/{rel}","templated":true}]}}