{"id":11,"date":"2023-05-10T21:15:47","date_gmt":"2023-05-10T21:15:47","guid":{"rendered":"https:\/\/kolbarkmlyny.powiatolkuski.pl\/?page_id=11"},"modified":"2023-05-11T07:00:41","modified_gmt":"2023-05-11T07:00:41","slug":"kontakt","status":"publish","type":"page","link":"https:\/\/kolbarkmlyny.powiatolkuski.pl\/?page_id=11","title":{"rendered":"Kontakt"},"content":{"rendered":"\r\n<p>mail: powiatolkuski@gmail.com<\/p>\r\n<p>tel. 733 700 801<\/p>\r\n","protected":false},"excerpt":{"rendered":"<p>mail: powiatolkuski@gmail.com tel. 733 700 801<\/p>\n","protected":false},"author":1,"featured_media":0,"parent":0,"menu_order":4,"comment_status":"closed","ping_status":"closed","template":"","meta":{"om_disable_all_campaigns":false,"_monsterinsights_skip_tracking":false,"_monsterinsights_sitenote_active":false,"_monsterinsights_sitenote_note":"","_monsterinsights_sitenote_category":0},"aioseo_notices":[],"jetpack_sharing_enabled":true,"jetpack-related-posts":[{"id":38,"url":"https:\/\/kolbarkmlyny.powiatolkuski.pl\/?page_id=38","url_meta":{"origin":11,"position":0},"title":"Regulamin wst\u0119pu","author":"admin","date":"10\/05\/2023","format":false,"excerpt":"Regulamin wst\u0119pu na teren staw\u00f3w w Kolbarku M\u0142ynach Wej\u015bcie ka\u017cdej osoby na teren staw\u00f3w w Kolbarku M\u0142ynach jest r\u00f3wnoznaczne z akceptacj\u0105 przez ni\u0105 niniejszego regulaminu. Ilekro\u0107 w niniejszym regulaminie jest mowa o \"terenie staw\u00f3w\" w Kolbarku M\u0142ynach, nale\u017cy przez to rozumie\u0107 dzia\u0142ki oznaczone\u00a0 numerami: 760, 761, 762, 763, 764 w\u2026","rel":"","context":"Similar post","block_context":{"text":"Similar post","link":""},"img":{"alt_text":"","src":"","width":0,"height":0},"classes":[]},{"id":109,"url":"https:\/\/kolbarkmlyny.powiatolkuski.pl\/?page_id=109","url_meta":{"origin":11,"position":1},"title":"W\u0119dkowanie","author":"admin","date":"06\/06\/2023","format":false,"excerpt":"Je\u015bli masz ochot\u0119 pow\u0119dkowa\u0107 na terenie staw\u00f3w w Kolbarku M\u0142ynach zglo\u015b si\u0119 do Pana Jasia - Prezesa Ko\u0142a W\u0119dkarskiego Kolbark M\u0142yny Tel.\u00a0 880 555 845","rel":"","context":"Similar post","block_context":{"text":"Similar post","link":""},"img":{"alt_text":"","src":"","width":0,"height":0},"classes":[]},{"id":94,"url":"https:\/\/kolbarkmlyny.powiatolkuski.pl\/?page_id=94","url_meta":{"origin":11,"position":2},"title":"Galeria","author":"admin","date":"02\/06\/2023","format":false,"excerpt":"","rel":"","context":"Similar post","block_context":{"text":"Similar post","link":""},"img":{"alt_text":"","src":"https:\/\/i0.wp.com\/kolbarkmlyny.powiatolkuski.pl\/wp-content\/uploads\/2023\/06\/Stawy4.jpg?resize=350%2C200","width":350,"height":200},"classes":[]},{"id":10,"url":"https:\/\/kolbarkmlyny.powiatolkuski.pl\/?page_id=10","url_meta":{"origin":11,"position":3},"title":"Informacje","author":"admin","date":"10\/05\/2023","format":false,"excerpt":"Stawy Kolbark M\u0142ynyTeren, na kt\u00f3rym znajduj\u0105 si\u0119 ruiny starego m\u0142yna i stawy w Kolbarku M\u0142ynach jest terenem prywatnym. Na jego terenie obowi\u0105zuje regulamin. Je\u015bli wejdziesz na jego teren, to jest to jednoznaczne, \u017ce akceptujesz ten regulamin. Kliknij na link do regulaminu wst\u0119pu, by si\u0119 zapozna\u0107 z jego tre\u015bci\u0105 - \"Regulamin\u2026","rel":"","context":"Similar post","block_context":{"text":"Similar post","link":""},"img":{"alt_text":"","src":"","width":0,"height":0},"classes":[]}],"_links":{"self":[{"href":"https:\/\/kolbarkmlyny.powiatolkuski.pl\/index.php?rest_route=\/wp\/v2\/pages\/11"}],"collection":[{"href":"https:\/\/kolbarkmlyny.powiatolkuski.pl\/index.php?rest_route=\/wp\/v2\/pages"}],"about":[{"href":"https:\/\/kolbarkmlyny.powiatolkuski.pl\/index.php?rest_route=\/wp\/v2\/types\/page"}],"author":[{"embeddable":true,"href":"https:\/\/kolbarkmlyny.powiatolkuski.pl\/index.php?rest_route=\/wp\/v2\/users\/1"}],"replies":[{"embeddable":true,"href":"https:\/\/kolbarkmlyny.powiatolkuski.pl\/index.php?rest_route=%2Fwp%2Fv2%2Fcomments&post=11"}],"version-history":[{"count":3,"href":"https:\/\/kolbarkmlyny.powiatolkuski.pl\/index.php?rest_route=\/wp\/v2\/pages\/11\/revisions"}],"predecessor-version":[{"id":33,"href":"https:\/\/kolbarkmlyny.powiatolkuski.pl\/index.php?rest_route=\/wp\/v2\/pages\/11\/revisions\/33"}],"wp:attachment":[{"href":"https:\/\/kolbarkmlyny.powiatolkuski.pl\/index.php?rest_route=%2Fwp%2Fv2%2Fmedia&parent=11"}],"curies":[{"name":"wp","href":"https:\/\/api.w.org\/{rel}","templated":true}]}}