{"id":38,"date":"2023-05-10T23:28:30","date_gmt":"2023-05-10T23:28:30","guid":{"rendered":"https:\/\/kolbarkmlyny.powiatolkuski.pl\/?page_id=38"},"modified":"2024-05-07T09:13:47","modified_gmt":"2024-05-07T07:13:47","slug":"regulamin-przebywania","status":"publish","type":"page","link":"https:\/\/kolbarkmlyny.powiatolkuski.pl\/?page_id=38","title":{"rendered":"Regulamin wst\u0119pu"},"content":{"rendered":"<p style=\"text-align: center;\"><strong>Regulamin wst\u0119pu na teren staw\u00f3w w Kolbarku M\u0142ynach<\/strong><\/p>\n<ol>\n<li style=\"text-align: justify;\">Wej\u015bcie ka\u017cdej osoby na teren staw\u00f3w w Kolbarku M\u0142ynach jest r\u00f3wnoznaczne z akceptacj\u0105 przez ni\u0105 niniejszego regulaminu.<\/li>\n<li style=\"text-align: justify;\">Ilekro\u0107 w niniejszym regulaminie jest mowa o &#8222;terenie staw\u00f3w&#8221; w Kolbarku M\u0142ynach, nale\u017cy przez to rozumie\u0107 dzia\u0142ki oznaczone\u00a0 numerami: 760, 761, 762, 763, 764 w obr\u0119bie Kolbark nr 0008, terytorium 121204_2.\u00a0 tj. pe\u0142ne numery dzia\u0142ek z linkami do ich lokalizacji (<span style=\"color: #0000ff;\"><a style=\"color: #0000ff;\" href=\"https:\/\/geoportal360.pl\/map\/#l:50.34573,19.64711,17;p:MTIxMjA0XzIuMDAwOC43NjA=\" target=\"_blank\" rel=\"noopener\">121204_2.0008.760<\/a>, <a style=\"color: #0000ff;\" href=\"https:\/\/geoportal360.pl\/map\/#l:50.34573,19.64711,17;p:MTIxMjA0XzIuMDAwOC43NjE=\" target=\"_blank\" rel=\"noopener\">121204_2.0008.761<\/a>, <a style=\"color: #0000ff;\" href=\"https:\/\/geoportal360.pl\/map\/#l:50.34573,19.64711,17;p:MTIxMjA0XzIuMDAwOC43NjI=\" target=\"_blank\" rel=\"noopener\">121204_2.0008.762<\/a>, <a style=\"color: #0000ff;\" href=\"https:\/\/geoportal360.pl\/map\/#l:50.34573,19.64711,17;p:MTIxMjA0XzIuMDAwOC43NjM=\" target=\"_blank\" rel=\"noopener\">121204_2.0008.763<\/a>, <a style=\"color: #0000ff;\" href=\"https:\/\/geoportal360.pl\/map\/#l:50.34573,19.64711,17;p:MTIxMjA0XzIuMDAwOC43NjQ=\" target=\"_blank\" rel=\"noopener\">121204_2.0008.764<\/a><\/span>)<\/li>\n<li style=\"text-align: justify;\">Teren staw\u00f3w jest terenem prywatnym, kt\u00f3rego w\u0142a\u015bciciele zakazuj\u0105 wst\u0119pu osobom nieupowa\u017cnionym.<\/li>\n<li style=\"text-align: justify;\">Osobami upowa\u017cnionymi do wst\u0119pu na teren staw\u00f3w s\u0105 w\u0142a\u015bciciele i cz\u0142onkowie ich rodzin, w\u0119dkarze nale\u017c\u0105cy do &#8222;Ko\u0142a w\u0119dkarskiego Kolbark M\u0142yny&#8221; i osoby najbli\u017csze dla w\u0119dkarzy oraz osoby, kt\u00f3re uzyskaj\u0105 specjalne upowa\u017cnienie do wst\u0119pu.<\/li>\n<li style=\"text-align: justify;\"><span style=\"color: #ff0000;\"><strong>Je\u015bli chcesz wej\u015b\u0107 na teren staw\u00f3w i masz uko\u0144czone 17 lat &#8211; wy\u015blij swoje zg\u0142oszenie <\/strong><strong>na adres mailowy: powiatolkuski@gmail.com &#8211; podaj\u0105c imi\u0119, telefon, dat\u0119 oraz godziny, w jakich chcesz przebywa\u0107 na terenie staw\u00f3w. Ponadto podaj liczb\u0119 os\u00f3b, z kt\u00f3rymi wchodzisz na teren staw\u00f3w (zg\u0142oszenie takie jest jednoznaczne z uzyskaniem upowa\u017cnienia do wst\u0119pu)<\/strong><\/span><br \/>\n<strong>5.1. <span style=\"color: #ff0000;\">Zg\u0142oszenie przebywania mo\u017cna dokona\u0107 r\u00f3wnie\u017c telefonicznie lub przesy\u0142aj\u0105c sms pod nr tel. 733 700 801<\/span><\/strong><\/li>\n<li style=\"text-align: justify;\">Je\u015bli wchodzisz na teren staw\u00f3w (po wcze\u015bniejszym zg\u0142oszeniu zamiaru przebywania na terenie staw\u00f3w), to jest to jednoznaczne z <strong>wyra\u017ceniem zgody na gromadzenie i przetwarzanie danych osobowych (imi\u0119, telefon, adres mailowy)<\/strong>, przez w\u0142a\u015bcicieli &#8211; wy\u0142\u0105cznie w celu zapobiegania przed ewentualnymi kradzie\u017cami, zniszczeniami, nieuprawnionym w\u0119dkowaniem, biwakowaniem i nieodpowiednim zachowaniem.<br \/>\n<strong>6.1.<\/strong> Wyra\u017cenie zgody, o kt\u00f3rej mowa w pkt 5 wynika z ustawy z dnia 10 maja 2018 roku o ochronie danych osobowych (Dz. Ustaw z 2018, poz. 1000) oraz jest zgodnie z Rozporz\u0105dzeniem Parlamentu Europejskiego i Rady (UE) 2016\/679 z dnia 27 kwietnia 2016 r. w sprawie ochrony os\u00f3b fizycznych w zwi\u0105zku z przetwarzaniem danych osobowych i w sprawie swobodnego przep\u0142ywu takich danych oraz uchylenia dyrektywy 95\/46\/WE (RODO).<br \/>\n<strong>6.2.<\/strong> Informujemy, \u017ce Pa\u0144stwa zgoda mo\u017ce zosta\u0107 cofni\u0119ta w dowolnym momencie przez wys\u0142anie wiadomo\u015bci e-mail na adres mailowy powiatolkuski@gmail.com spod adresu, kt\u00f3rego zgoda dotyczy lub telefonicznie pod nr. 733 700 801.<\/li>\n<li style=\"text-align: justify;\">Osoby nieletnie poni\u017cej 17 roku \u017cycia przebywaj\u0105 na terenie staw\u00f3w wy\u0142\u0105cznie pod opiek\u0105 prawnych opiekun\u00f3w.<\/li>\n<li style=\"text-align: justify;\">Informujemy, \u017ce <strong>teren staw\u00f3w jest obiektem monitorowanym i wchodz\u0105c na jego teren wyra\u017casz zgod\u0119 na rejestracj\u0119 wizerunku w celach i zgodnie z punktem 6.<\/strong><\/li>\n<li style=\"text-align: justify;\"><span style=\"color: #ff0000;\"><strong>W przypadku ujawnienia nieupowa\u017cnionego przebywania na terenie staw\u00f3w w\u0142a\u015bciciele mog\u0105 \u017c\u0105da\u0107 uiszczenia op\u0142aty za taki pobyt w wysoko\u015bci 500 z\u0142 na rzecz inwestycji na terenie staw\u00f3w.<\/strong><\/span><\/li>\n<li style=\"text-align: justify;\">Je\u015bli chcesz biwakowa\u0107, spacerowa\u0107 lub w inny spos\u00f3b odpoczywa\u0107 na terenie staw\u00f3w (rezerwuj\u0105c wcze\u015bniej miejsce) mo\u017cesz w symboliczny spos\u00f3b przekaza\u0107 datek, kt\u00f3ry zostanie przeznaczony na utrzymanie czysto\u015bci i porz\u0105dku na terenie staw\u00f3w.<\/li>\n<li style=\"text-align: justify;\">Je\u015bli chcesz w\u0119dkowa\u0107 nale\u017cy si\u0119 zg\u0142osi\u0107 do Prezesa &#8222;Ko\u0142a w\u0119dkarskiego Kolbark M\u0142yny&#8221; i ustali\u0107 warunki. Kontakt z Panem Jasiem z Jaroszowca \/tel. 880 555 845\/ lub <span style=\"font-size: 1rem;\">w\u0142a\u015bcicielami.<\/span><\/li>\n<li style=\"text-align: justify;\">Przebywaj\u0105c na terenie staw\u00f3w, przestrzegasz zasad utrzymania porz\u0105dku i czysto\u015bci. \u015amieci zabierz ze sob\u0105.<\/li>\n<li style=\"text-align: justify;\"><span style=\"color: #ff0000;\"><strong>Na terenie staw\u00f3w obowi\u0105zuje zakaz spo\u017cywania alkoholu<\/strong><\/span> (poza planowanymi biwakami i imprezami okoliczno\u015bciowymi, na kt\u00f3re trzeba uzyska\u0107 indywidualne pozwolenie &#8211; kontakt jak wy\u017cej mailowy lub telefoniczny)<\/li>\n<li style=\"text-align: justify;\"><strong>W przypadku ujawnienia nieodpowiedniego zachowania przez osoby przebywaj\u0105ce na terenie staw\u00f3w (zar\u00f3wno upowa\u017cnionych, jak nieupowa\u017cnionych) tj. pozostawienia \u015bmieci, dokonania zniszcze\u0144, kradzie\u017cy lub nielegalnego w\u0119dkowania w\u0142a\u015bciciele opr\u00f3cz prawnych procedur post\u0119powania mog\u0105 \u017c\u0105da\u0107 od sprawc\u00f3w naprawienia szkody, a ponadto uiszczenia wp\u0142aty na rzecz inwestycji na terenie staw\u00f3w tytu\u0142em kary w wysoko\u015bci zale\u017cnej od strat w kwocie od 500 do 50.000 z\u0142.<\/strong><\/li>\n<li style=\"text-align: justify;\"><strong><span style=\"color: #ff0000;\">W\u0142a\u015bciciele nie ponosz\u0105 odpowiedzialno\u015bci za szkody i wypadki losowe os\u00f3b przebywaj\u0105cych na terenie staw\u00f3w.<\/span><\/strong><\/li>\n<li style=\"text-align: justify;\">Kontakt z w\u0142a\u015bcicielami pod adresem mailowym: powiatolkuski@gmail.com lub pod tel. 733 700 801<\/li>\n<li style=\"text-align: justify;\">Regulamin wchodzi w \u017cycie z dniem zamieszczenia na stronie internetowej KolbarkMlyny.PowiatOlkuski.pl tj. 11.05.2023 r.<\/li>\n<\/ol>\n","protected":false},"excerpt":{"rendered":"<p>Regulamin wst\u0119pu na teren staw\u00f3w w Kolbarku M\u0142ynach Wej\u015bcie ka\u017cdej osoby na teren staw\u00f3w w Kolbarku M\u0142ynach jest r\u00f3wnoznaczne z akceptacj\u0105 przez ni\u0105 niniejszego regulaminu. Ilekro\u0107 w niniejszym regulaminie jest mowa o &#8222;terenie staw\u00f3w&#8221; w Kolbarku M\u0142ynach, nale\u017cy przez to rozumie\u0107 dzia\u0142ki oznaczone\u00a0 numerami: 760, 761, 762, 763, 764 w obr\u0119bie Kolbark nr 0008, terytorium &hellip; <\/p>\n<p class=\"link-more\"><a href=\"https:\/\/kolbarkmlyny.powiatolkuski.pl\/?page_id=38\" class=\"more-link\">Czytaj dalej<span class=\"screen-reader-text\"> \u201eRegulamin wst\u0119pu\u201d<\/span><\/a><\/p>\n","protected":false},"author":1,"featured_media":0,"parent":0,"menu_order":3,"comment_status":"closed","ping_status":"closed","template":"","meta":{"om_disable_all_campaigns":false,"_monsterinsights_skip_tracking":false,"_monsterinsights_sitenote_active":false,"_monsterinsights_sitenote_note":"","_monsterinsights_sitenote_category":0},"aioseo_notices":[],"jetpack_sharing_enabled":true,"jetpack-related-posts":[{"id":10,"url":"https:\/\/kolbarkmlyny.powiatolkuski.pl\/?page_id=10","url_meta":{"origin":38,"position":0},"title":"Informacje","author":"admin","date":"10\/05\/2023","format":false,"excerpt":"Stawy Kolbark M\u0142ynyTeren, na kt\u00f3rym znajduj\u0105 si\u0119 ruiny starego m\u0142yna i stawy w Kolbarku M\u0142ynach jest terenem prywatnym. Na jego terenie obowi\u0105zuje regulamin. Je\u015bli wejdziesz na jego teren, to jest to jednoznaczne, \u017ce akceptujesz ten regulamin. Kliknij na link do regulaminu wst\u0119pu, by si\u0119 zapozna\u0107 z jego tre\u015bci\u0105 - \"Regulamin\u2026","rel":"","context":"Similar post","block_context":{"text":"Similar post","link":""},"img":{"alt_text":"","src":"","width":0,"height":0},"classes":[]},{"id":109,"url":"https:\/\/kolbarkmlyny.powiatolkuski.pl\/?page_id=109","url_meta":{"origin":38,"position":1},"title":"W\u0119dkowanie","author":"admin","date":"06\/06\/2023","format":false,"excerpt":"Je\u015bli masz ochot\u0119 pow\u0119dkowa\u0107 na terenie staw\u00f3w w Kolbarku M\u0142ynach zglo\u015b si\u0119 do Pana Jasia - Prezesa Ko\u0142a W\u0119dkarskiego Kolbark M\u0142yny Tel.\u00a0 880 555 845","rel":"","context":"Similar post","block_context":{"text":"Similar post","link":""},"img":{"alt_text":"","src":"","width":0,"height":0},"classes":[]}],"_links":{"self":[{"href":"https:\/\/kolbarkmlyny.powiatolkuski.pl\/index.php?rest_route=\/wp\/v2\/pages\/38"}],"collection":[{"href":"https:\/\/kolbarkmlyny.powiatolkuski.pl\/index.php?rest_route=\/wp\/v2\/pages"}],"about":[{"href":"https:\/\/kolbarkmlyny.powiatolkuski.pl\/index.php?rest_route=\/wp\/v2\/types\/page"}],"author":[{"embeddable":true,"href":"https:\/\/kolbarkmlyny.powiatolkuski.pl\/index.php?rest_route=\/wp\/v2\/users\/1"}],"replies":[{"embeddable":true,"href":"https:\/\/kolbarkmlyny.powiatolkuski.pl\/index.php?rest_route=%2Fwp%2Fv2%2Fcomments&post=38"}],"version-history":[{"count":17,"href":"https:\/\/kolbarkmlyny.powiatolkuski.pl\/index.php?rest_route=\/wp\/v2\/pages\/38\/revisions"}],"predecessor-version":[{"id":129,"href":"https:\/\/kolbarkmlyny.powiatolkuski.pl\/index.php?rest_route=\/wp\/v2\/pages\/38\/revisions\/129"}],"wp:attachment":[{"href":"https:\/\/kolbarkmlyny.powiatolkuski.pl\/index.php?rest_route=%2Fwp%2Fv2%2Fmedia&parent=38"}],"curies":[{"name":"wp","href":"https:\/\/api.w.org\/{rel}","templated":true}]}}